{"id":600,"date":"2023-01-21T16:24:40","date_gmt":"2023-01-21T16:24:40","guid":{"rendered":"https:\/\/wordpress.901412.jweiland-hosting.de\/vesicherungsloesung\/"},"modified":"2024-03-21T07:25:42","modified_gmt":"2024-03-21T07:25:42","slug":"absatzfinanzierung-leasing-versicherung","status":"publish","type":"page","link":"https:\/\/peacsolutions.eu\/de\/absatzfinanzierung-leasing-versicherung\/","title":{"rendered":"Absatzfinanzierung &#8211; Versicherung"},"content":{"rendered":"<p><div class=\"fusion-fullwidth fullwidth-box fusion-builder-row-1 fusion-flex-container has-pattern-background has-mask-background fusion-parallax-none hundred-percent-fullwidth non-hundred-percent-height-scrolling header\" style=\"--awb-background-position:center top;--awb-border-radius-top-left:0px;--awb-border-radius-top-right:0px;--awb-border-radius-bottom-right:0px;--awb-border-radius-bottom-left:0px;--awb-padding-top:15%;--awb-padding-bottom:15%;--awb-padding-top-small:25%;--awb-padding-bottom-small:20%;--awb-background-image:url(&quot;https:\/\/peacsolutions.eu\/wp-content\/uploads\/2023\/01\/insurance-solutions.jpg&quot;);--awb-background-size:cover;--awb-flex-wrap:wrap;\" data-preload-img=\"https:\/\/peacsolutions.eu\/wp-content\/uploads\/2023\/01\/insurance-solutions.jpg\" ><div class=\"awb-background-mask\" style=\"background-image:  url(https:\/\/peacsolutions.eu\/wp-content\/uploads\/2023\/01\/peac_overlay_75787b.png);opacity: 1 ;transform: scale(1, 1);mix-blend-mode:normal;\"><\/div><div class=\"fusion-builder-row fusion-row fusion-flex-align-items-flex-start fusion-flex-content-wrap\" style=\"width:104% !important;max-width:104% !important;margin-left: calc(-4% \/ 2 );margin-right: calc(-4% \/ 2 );\"><div class=\"fusion-layout-column fusion_builder_column fusion-builder-column-0 fusion_builder_column_1_1 1_1 fusion-flex-column\" style=\"--awb-padding-left:5%;--awb-padding-left-small:1%;--awb-bg-size:cover;--awb-width-large:100%;--awb-margin-top-large:0px;--awb-spacing-right-large:1.92%;--awb-margin-bottom-large:20px;--awb-spacing-left-large:1.92%;--awb-width-medium:100%;--awb-order-medium:0;--awb-spacing-right-medium:1.92%;--awb-spacing-left-medium:1.92%;--awb-width-small:100%;--awb-order-small:0;--awb-spacing-right-small:1.92%;--awb-spacing-left-small:1.92%;\"><div class=\"fusion-column-wrapper fusion-column-has-shadow fusion-flex-justify-content-flex-start fusion-content-layout-column\"><div class=\"fusion-text fusion-text-1\"><h1 style=\"text-align: left;\">Versicherungsl\u00f6sung<br \/>\nsl\u00f6sung<\/h1>\n<\/div><\/div><\/div><\/div><\/div><div class=\"fusion-fullwidth fullwidth-box fusion-builder-row-2 fusion-flex-container has-pattern-background has-mask-background nonhundred-percent-fullwidth non-hundred-percent-height-scrolling contmob\" style=\"--awb-border-radius-top-left:0px;--awb-border-radius-top-right:0px;--awb-border-radius-bottom-right:0px;--awb-border-radius-bottom-left:0px;--awb-margin-top:5%;--awb-margin-bottom:5%;--awb-flex-wrap:wrap;\" ><div class=\"fusion-builder-row fusion-row fusion-flex-align-items-flex-start fusion-flex-content-wrap\" style=\"max-width:104%;margin-left: calc(-4% \/ 2 );margin-right: calc(-4% \/ 2 );\"><div class=\"fusion-layout-column fusion_builder_column fusion-builder-column-1 fusion_builder_column_1_1 1_1 fusion-flex-column\" style=\"--awb-bg-size:cover;--awb-width-large:100%;--awb-margin-top-large:0px;--awb-spacing-right-large:1.92%;--awb-margin-bottom-large:20px;--awb-spacing-left-large:1.92%;--awb-width-medium:100%;--awb-order-medium:0;--awb-spacing-right-medium:1.92%;--awb-spacing-left-medium:1.92%;--awb-width-small:100%;--awb-order-small:0;--awb-spacing-right-small:1.92%;--awb-spacing-left-small:1.92%;\"><div class=\"fusion-column-wrapper fusion-column-has-shadow fusion-flex-justify-content-flex-start fusion-content-layout-column\"><div class=\"fusion-separator fusion-no-medium-visibility fusion-no-large-visibility fusion-full-width-sep\" style=\"align-self: center;margin-left: auto;margin-right: auto;margin-top:3%;margin-bottom:3%;width:100%;\"><\/div><div class=\"fusion-text fusion-text-2\"><h3 style=\"text-align: center;\">Maximale Sicherheit f\u00fcr Ihre Finanzierung.<\/h3>\n<\/div><\/div><\/div><div class=\"fusion-layout-column fusion_builder_column fusion-builder-column-2 fusion_builder_column_1_2 1_2 fusion-flex-column\" style=\"--awb-bg-size:cover;--awb-width-large:50%;--awb-margin-top-large:0px;--awb-spacing-right-large:3.84%;--awb-margin-bottom-large:20px;--awb-spacing-left-large:3.84%;--awb-width-medium:50%;--awb-order-medium:0;--awb-spacing-right-medium:3.84%;--awb-spacing-left-medium:3.84%;--awb-width-small:100%;--awb-order-small:0;--awb-spacing-right-small:1.92%;--awb-spacing-left-small:1.92%;\"><div class=\"fusion-column-wrapper fusion-column-has-shadow fusion-flex-justify-content-flex-start fusion-content-layout-column\"><div class=\"fusion-text fusion-text-3\"><p>Finanzierte Investitionsobjekte m\u00fcssen ausreichend versichert sein. So sehen es (nicht nur) unsere Allgemeinen Bedingungen f\u00fcr Finanzierungsvertr\u00e4ge (Leasing, Miete, Mietkauf) vor.<\/p>\n<p>Zur Absicherung der Vertragsobjekte und der damit verbundenen Ausfallrisiken haben wir einen umfassenden Versicherungsschutz bei dem Versicherer Assurant Europe Insurance N.V. abgeschlossen, der von unserem Kooperationspartner Acquis Insurance Management betreut wird.<\/p>\n<\/div><\/div><\/div><div class=\"fusion-layout-column fusion_builder_column fusion-builder-column-3 fusion_builder_column_1_2 1_2 fusion-flex-column\" style=\"--awb-bg-size:cover;--awb-width-large:50%;--awb-margin-top-large:0px;--awb-spacing-right-large:3.84%;--awb-margin-bottom-large:20px;--awb-spacing-left-large:3.84%;--awb-width-medium:50%;--awb-order-medium:0;--awb-spacing-right-medium:3.84%;--awb-spacing-left-medium:3.84%;--awb-width-small:100%;--awb-order-small:0;--awb-spacing-right-small:1.92%;--awb-spacing-left-small:1.92%;\"><div class=\"fusion-column-wrapper fusion-column-has-shadow fusion-flex-justify-content-flex-start fusion-content-layout-column\"><div class=\"fusion-text fusion-text-4\"><p>So stellen wir sicher, dass die finanzierten Objekte w\u00e4hrend der gesamten Laufzeit Ihres mit uns abgeschlossenen Vertrags abgesichert sind und im Schadenfall die Reparatur oder die Erstattung der Kosten zum Neuwert erfolgt.<\/p>\n<\/div><\/div><\/div><\/div><\/div><div class=\"fusion-fullwidth fullwidth-box fusion-builder-row-3 fusion-flex-container has-pattern-background has-mask-background nonhundred-percent-fullwidth non-hundred-percent-height-scrolling contmob\" style=\"--awb-border-radius-top-left:0px;--awb-border-radius-top-right:0px;--awb-border-radius-bottom-right:0px;--awb-border-radius-bottom-left:0px;--awb-margin-top:5%;--awb-margin-bottom:5%;--awb-flex-wrap:wrap;\" ><div class=\"fusion-builder-row fusion-row fusion-flex-align-items-flex-start fusion-flex-content-wrap\" style=\"max-width:104%;margin-left: calc(-4% \/ 2 );margin-right: calc(-4% \/ 2 );\"><div class=\"fusion-layout-column fusion_builder_column fusion-builder-column-4 fusion_builder_column_1_1 1_1 fusion-flex-column\" style=\"--awb-bg-size:cover;--awb-box-shadow: 0px 0px ;;--awb-width-large:100%;--awb-margin-top-large:0px;--awb-spacing-right-large:1.92%;--awb-margin-bottom-large:20px;--awb-spacing-left-large:1.92%;--awb-width-medium:100%;--awb-order-medium:0;--awb-spacing-right-medium:1.92%;--awb-spacing-left-medium:1.92%;--awb-width-small:100%;--awb-order-small:0;--awb-spacing-right-small:1.92%;--awb-spacing-left-small:1.92%;\"><div class=\"fusion-column-wrapper fusion-column-has-shadow fusion-flex-justify-content-flex-start fusion-content-layout-column\"><div class=\"fusion-separator fusion-no-medium-visibility fusion-no-large-visibility fusion-full-width-sep\" style=\"align-self: center;margin-left: auto;margin-right: auto;margin-top:3%;margin-bottom:3%;width:100%;\"><\/div><div class=\"fusion-text fusion-text-5\"><h3 style=\"line-height: 1.5em; text-align: left;\">Umfassender Schutz, einfach organisiert<\/h3>\n<\/div><div class=\"fusion-text fusion-text-6\"><ul>\n<li><span style=\"color: #2d2926;\">Kein Versicherungsnachweis vor Inkrafttreten des Leasing-Vertrags erforderlich.<\/span><\/li>\n<li><span style=\"color: #2d2926;\">Nach dem Start des Leasings erhalten Sie ein Versicherungsangebot von unserem Servicepartner Acquis.<\/span><\/li>\n<li><span style=\"color: #2d2926;\">Wenn dieses Angebot Ihren Bed\u00fcrfnissen entspricht, nehmen wir Ihre Objekte in unsere Versicherungspolice auf und passen die Leasingraten um die anfallenden Geb\u00fchren an.<\/span><\/li>\n<li><span style=\"color: #2d2926;\">Alternativ k\u00f6nnen Sie innerhalb von 30 Tagen nach Mietbeginn einen Nachweis \u00fcber Ihre eigene Versicherung erbringen.<\/span><\/li>\n<li><span style=\"color: #2d2926;\">Wenn die Versicherung von uns abgeschlossen wurde, kann sie jederzeit durch den Nachweis einer eigenen Versicherung gek\u00fcndigt werden. Sie wird dann zum Ende des folgenden Monats aufgehoben.<\/span><\/li>\n<\/ul>\n<\/div><div class=\"fusion-separator fusion-full-width-sep\" style=\"align-self: center;margin-left: auto;margin-right: auto;margin-top:3%;width:100%;\"><\/div><div class=\"fusion-text fusion-text-7\"><h3 style=\"text-align: center;\">F\u00fcr weitere Informationen stehen Ihnen die Experten von Acquis jederzeit kostenlos unter <a href=\"tel:+498001823714\">0800 182 3714<\/a>.<\/h3>\n<\/div><div class=\"fusion-separator fusion-full-width-sep\" style=\"align-self: center;margin-left: auto;margin-right: auto;margin-top:2%;width:100%;\"><\/div><\/div><\/div><\/div><\/div><div class=\"fusion-fullwidth fullwidth-box fusion-builder-row-4 fusion-flex-container has-pattern-background has-mask-background nonhundred-percent-fullwidth non-hundred-percent-height-scrolling\" style=\"--awb-border-sizes-bottom:12px;--awb-border-color:var(--awb-custom_color_1);--awb-border-radius-top-left:0px;--awb-border-radius-top-right:0px;--awb-border-radius-bottom-right:0px;--awb-border-radius-bottom-left:0px;--awb-background-color:var(--awb-color1);--awb-flex-wrap:wrap;\" ><div class=\"fusion-builder-row fusion-row fusion-flex-align-items-flex-start fusion-flex-content-wrap\" style=\"max-width:104%;margin-left: calc(-4% \/ 2 );margin-right: calc(-4% \/ 2 );\"><div class=\"fusion-layout-column fusion_builder_column fusion-builder-column-5 fusion_builder_column_1_1 1_1 fusion-flex-column\" style=\"--awb-bg-size:cover;--awb-width-large:100%;--awb-margin-top-large:0px;--awb-spacing-right-large:1.92%;--awb-margin-bottom-large:20px;--awb-spacing-left-large:1.92%;--awb-width-medium:100%;--awb-order-medium:0;--awb-spacing-right-medium:1.92%;--awb-spacing-left-medium:1.92%;--awb-width-small:100%;--awb-order-small:0;--awb-spacing-right-small:1.92%;--awb-spacing-left-small:1.92%;\"><div class=\"fusion-column-wrapper fusion-column-has-shadow fusion-flex-justify-content-flex-start fusion-content-layout-column\"><\/div><\/div><\/div><\/div><\/p>\n","protected":false},"excerpt":{"rendered":"","protected":false},"author":2,"featured_media":0,"parent":0,"menu_order":0,"comment_status":"closed","ping_status":"closed","template":"100-width.php","meta":{"_acf_changed":false,"footnotes":""},"class_list":["post-600","page","type-page","status-publish","hentry"],"acf":[],"yoast_head":"<!-- This site is optimized with the Yoast SEO plugin v27.4 - https:\/\/yoast.com\/product\/yoast-seo-wordpress\/ -->\n<title>Absatzfinanzierung - Versicherung - PEAC Solutions<\/title>\n<meta name=\"robots\" content=\"index, follow, max-snippet:-1, max-image-preview:large, max-video-preview:-1\" \/>\n<link rel=\"canonical\" href=\"https:\/\/peacsolutions.eu\/de\/absatzfinanzierung-leasing-versicherung\/\" \/>\n<meta property=\"og:locale\" content=\"de_DE\" \/>\n<meta property=\"og:type\" content=\"article\" \/>\n<meta property=\"og:title\" content=\"Absatzfinanzierung - Versicherung - PEAC Solutions\" \/>\n<meta property=\"og:url\" content=\"https:\/\/peacsolutions.eu\/de\/absatzfinanzierung-leasing-versicherung\/\" \/>\n<meta property=\"og:site_name\" content=\"PEAC Solutions\" \/>\n<meta property=\"article:modified_time\" content=\"2024-03-21T07:25:42+00:00\" \/>\n<meta name=\"twitter:card\" content=\"summary_large_image\" \/>\n<meta name=\"twitter:label1\" content=\"Gesch\u00e4tzte Lesezeit\" \/>\n\t<meta name=\"twitter:data1\" content=\"5\u00a0Minuten\" \/>\n<script type=\"application\/ld+json\" class=\"yoast-schema-graph\">{\"@context\":\"https:\\\/\\\/schema.org\",\"@graph\":[{\"@type\":\"WebPage\",\"@id\":\"https:\\\/\\\/peacsolutions.eu\\\/de\\\/absatzfinanzierung-leasing-versicherung\\\/\",\"url\":\"https:\\\/\\\/peacsolutions.eu\\\/de\\\/absatzfinanzierung-leasing-versicherung\\\/\",\"name\":\"Absatzfinanzierung - Versicherung - PEAC Solutions\",\"isPartOf\":{\"@id\":\"https:\\\/\\\/peacsolutions.eu\\\/de\\\/#website\"},\"datePublished\":\"2023-01-21T16:24:40+00:00\",\"dateModified\":\"2024-03-21T07:25:42+00:00\",\"breadcrumb\":{\"@id\":\"https:\\\/\\\/peacsolutions.eu\\\/de\\\/absatzfinanzierung-leasing-versicherung\\\/#breadcrumb\"},\"inLanguage\":\"de\",\"potentialAction\":[{\"@type\":\"ReadAction\",\"target\":[\"https:\\\/\\\/peacsolutions.eu\\\/de\\\/absatzfinanzierung-leasing-versicherung\\\/\"]}]},{\"@type\":\"BreadcrumbList\",\"@id\":\"https:\\\/\\\/peacsolutions.eu\\\/de\\\/absatzfinanzierung-leasing-versicherung\\\/#breadcrumb\",\"itemListElement\":[{\"@type\":\"ListItem\",\"position\":1,\"name\":\"Startseite\",\"item\":\"https:\\\/\\\/peacsolutions.eu\\\/de\\\/\"},{\"@type\":\"ListItem\",\"position\":2,\"name\":\"Absatzfinanzierung &#8211; Versicherung\"}]},{\"@type\":\"WebSite\",\"@id\":\"https:\\\/\\\/peacsolutions.eu\\\/de\\\/#website\",\"url\":\"https:\\\/\\\/peacsolutions.eu\\\/de\\\/\",\"name\":\"PEAC Solutions\",\"description\":\"PEAC Solutions\",\"publisher\":{\"@id\":\"https:\\\/\\\/peacsolutions.eu\\\/de\\\/#organization\"},\"potentialAction\":[{\"@type\":\"SearchAction\",\"target\":{\"@type\":\"EntryPoint\",\"urlTemplate\":\"https:\\\/\\\/peacsolutions.eu\\\/de\\\/?s={search_term_string}\"},\"query-input\":{\"@type\":\"PropertyValueSpecification\",\"valueRequired\":true,\"valueName\":\"search_term_string\"}}],\"inLanguage\":\"de\"},{\"@type\":\"Organization\",\"@id\":\"https:\\\/\\\/peacsolutions.eu\\\/de\\\/#organization\",\"name\":\"PEAC Solutions\",\"url\":\"https:\\\/\\\/peacsolutions.eu\\\/de\\\/\",\"logo\":{\"@type\":\"ImageObject\",\"inLanguage\":\"de\",\"@id\":\"https:\\\/\\\/peacsolutions.eu\\\/de\\\/#\\\/schema\\\/logo\\\/image\\\/\",\"url\":\"https:\\\/\\\/peacsolutions.eu\\\/wp-content\\\/uploads\\\/2023\\\/04\\\/peac-solutions_logo_mo.png\",\"contentUrl\":\"https:\\\/\\\/peacsolutions.eu\\\/wp-content\\\/uploads\\\/2023\\\/04\\\/peac-solutions_logo_mo.png\",\"width\":201,\"height\":57,\"caption\":\"PEAC Solutions\"},\"image\":{\"@id\":\"https:\\\/\\\/peacsolutions.eu\\\/de\\\/#\\\/schema\\\/logo\\\/image\\\/\"},\"sameAs\":[\"https:\\\/\\\/www.linkedin.com\\\/company\\\/peacsolutions\\\/\"]}]}<\/script>\n<!-- \/ Yoast SEO plugin. -->","yoast_head_json":{"title":"Absatzfinanzierung - Versicherung - PEAC Solutions","robots":{"index":"index","follow":"follow","max-snippet":"max-snippet:-1","max-image-preview":"max-image-preview:large","max-video-preview":"max-video-preview:-1"},"canonical":"https:\/\/peacsolutions.eu\/de\/absatzfinanzierung-leasing-versicherung\/","og_locale":"de_DE","og_type":"article","og_title":"Absatzfinanzierung - Versicherung - PEAC Solutions","og_url":"https:\/\/peacsolutions.eu\/de\/absatzfinanzierung-leasing-versicherung\/","og_site_name":"PEAC Solutions","article_modified_time":"2024-03-21T07:25:42+00:00","twitter_card":"summary_large_image","twitter_misc":{"Gesch\u00e4tzte Lesezeit":"5\u00a0Minuten"},"schema":{"@context":"https:\/\/schema.org","@graph":[{"@type":"WebPage","@id":"https:\/\/peacsolutions.eu\/de\/absatzfinanzierung-leasing-versicherung\/","url":"https:\/\/peacsolutions.eu\/de\/absatzfinanzierung-leasing-versicherung\/","name":"Absatzfinanzierung - Versicherung - PEAC Solutions","isPartOf":{"@id":"https:\/\/peacsolutions.eu\/de\/#website"},"datePublished":"2023-01-21T16:24:40+00:00","dateModified":"2024-03-21T07:25:42+00:00","breadcrumb":{"@id":"https:\/\/peacsolutions.eu\/de\/absatzfinanzierung-leasing-versicherung\/#breadcrumb"},"inLanguage":"de","potentialAction":[{"@type":"ReadAction","target":["https:\/\/peacsolutions.eu\/de\/absatzfinanzierung-leasing-versicherung\/"]}]},{"@type":"BreadcrumbList","@id":"https:\/\/peacsolutions.eu\/de\/absatzfinanzierung-leasing-versicherung\/#breadcrumb","itemListElement":[{"@type":"ListItem","position":1,"name":"Startseite","item":"https:\/\/peacsolutions.eu\/de\/"},{"@type":"ListItem","position":2,"name":"Absatzfinanzierung &#8211; Versicherung"}]},{"@type":"WebSite","@id":"https:\/\/peacsolutions.eu\/de\/#website","url":"https:\/\/peacsolutions.eu\/de\/","name":"PEAC Solutions","description":"PEAC Solutions","publisher":{"@id":"https:\/\/peacsolutions.eu\/de\/#organization"},"potentialAction":[{"@type":"SearchAction","target":{"@type":"EntryPoint","urlTemplate":"https:\/\/peacsolutions.eu\/de\/?s={search_term_string}"},"query-input":{"@type":"PropertyValueSpecification","valueRequired":true,"valueName":"search_term_string"}}],"inLanguage":"de"},{"@type":"Organization","@id":"https:\/\/peacsolutions.eu\/de\/#organization","name":"PEAC Solutions","url":"https:\/\/peacsolutions.eu\/de\/","logo":{"@type":"ImageObject","inLanguage":"de","@id":"https:\/\/peacsolutions.eu\/de\/#\/schema\/logo\/image\/","url":"https:\/\/peacsolutions.eu\/wp-content\/uploads\/2023\/04\/peac-solutions_logo_mo.png","contentUrl":"https:\/\/peacsolutions.eu\/wp-content\/uploads\/2023\/04\/peac-solutions_logo_mo.png","width":201,"height":57,"caption":"PEAC Solutions"},"image":{"@id":"https:\/\/peacsolutions.eu\/de\/#\/schema\/logo\/image\/"},"sameAs":["https:\/\/www.linkedin.com\/company\/peacsolutions\/"]}]}},"_links":{"self":[{"href":"https:\/\/peacsolutions.eu\/de\/wp-json\/wp\/v2\/pages\/600","targetHints":{"allow":["GET"]}}],"collection":[{"href":"https:\/\/peacsolutions.eu\/de\/wp-json\/wp\/v2\/pages"}],"about":[{"href":"https:\/\/peacsolutions.eu\/de\/wp-json\/wp\/v2\/types\/page"}],"author":[{"embeddable":true,"href":"https:\/\/peacsolutions.eu\/de\/wp-json\/wp\/v2\/users\/2"}],"replies":[{"embeddable":true,"href":"https:\/\/peacsolutions.eu\/de\/wp-json\/wp\/v2\/comments?post=600"}],"version-history":[{"count":74,"href":"https:\/\/peacsolutions.eu\/de\/wp-json\/wp\/v2\/pages\/600\/revisions"}],"predecessor-version":[{"id":6879,"href":"https:\/\/peacsolutions.eu\/de\/wp-json\/wp\/v2\/pages\/600\/revisions\/6879"}],"wp:attachment":[{"href":"https:\/\/peacsolutions.eu\/de\/wp-json\/wp\/v2\/media?parent=600"}],"curies":[{"name":"wp","href":"https:\/\/api.w.org\/{rel}","templated":true}]}}