{"id":763,"date":"2023-01-22T12:03:43","date_gmt":"2023-01-22T12:03:43","guid":{"rendered":"https:\/\/wordpress.901412.jweiland-hosting.de\/eigenfinanzierung-leasing\/"},"modified":"2025-11-25T10:04:16","modified_gmt":"2025-11-25T10:04:16","slug":"leasing-unser-angebot","status":"publish","type":"page","link":"https:\/\/peacsolutions.eu\/de\/leasing-unser-angebot\/","title":{"rendered":"Leasing &#8211; Unser Angebot"},"content":{"rendered":"<p><div class=\"fusion-fullwidth fullwidth-box fusion-builder-row-1 fusion-flex-container has-pattern-background has-mask-background fusion-parallax-none hundred-percent-fullwidth non-hundred-percent-height-scrolling header\" style=\"--awb-background-position:center top;--awb-border-radius-top-left:0px;--awb-border-radius-top-right:0px;--awb-border-radius-bottom-right:0px;--awb-border-radius-bottom-left:0px;--awb-padding-top:15%;--awb-padding-bottom:15%;--awb-padding-top-small:25%;--awb-padding-bottom-small:20%;--awb-background-image:url(&quot;https:\/\/peacsolutions.eu\/wp-content\/uploads\/2023\/01\/leasing.jpg&quot;);--awb-background-size:cover;--awb-flex-wrap:wrap;\" data-preload-img=\"https:\/\/peacsolutions.eu\/wp-content\/uploads\/2023\/01\/leasing.jpg\" ><div class=\"awb-background-mask\" style=\"background-image:  url(https:\/\/peacsolutions.eu\/wp-content\/uploads\/2023\/01\/peac_overlay_75787b.png);opacity: 1 ;transform: scale(1, 1);mix-blend-mode:normal;\"><\/div><div class=\"fusion-builder-row fusion-row fusion-flex-align-items-flex-start fusion-flex-content-wrap\" style=\"width:104% !important;max-width:104% !important;margin-left: calc(-4% \/ 2 );margin-right: calc(-4% \/ 2 );\"><div class=\"fusion-layout-column fusion_builder_column fusion-builder-column-0 fusion_builder_column_1_1 1_1 fusion-flex-column\" style=\"--awb-padding-left:5%;--awb-padding-left-small:1%;--awb-bg-size:cover;--awb-width-large:100%;--awb-margin-top-large:0px;--awb-spacing-right-large:1.92%;--awb-margin-bottom-large:20px;--awb-spacing-left-large:1.92%;--awb-width-medium:100%;--awb-order-medium:0;--awb-spacing-right-medium:1.92%;--awb-spacing-left-medium:1.92%;--awb-width-small:100%;--awb-order-small:0;--awb-spacing-right-small:1.92%;--awb-spacing-left-small:1.92%;\"><div class=\"fusion-column-wrapper fusion-column-has-shadow fusion-flex-justify-content-flex-start fusion-content-layout-column\"><div class=\"fusion-text fusion-text-1\"><h1 style=\"text-align: left;\">Leasing \u2013<\/h1>\n<h1 style=\"text-align: left;\">Unser Angebot<\/h1>\n<\/div><\/div><\/div><\/div><\/div><div class=\"fusion-fullwidth fullwidth-box fusion-builder-row-2 fusion-flex-container has-pattern-background has-mask-background nonhundred-percent-fullwidth non-hundred-percent-height-scrolling contmob\" style=\"--awb-border-radius-top-left:0px;--awb-border-radius-top-right:0px;--awb-border-radius-bottom-right:0px;--awb-border-radius-bottom-left:0px;--awb-margin-top:5%;--awb-margin-bottom:5%;--awb-flex-wrap:wrap;\" ><div class=\"fusion-builder-row fusion-row fusion-flex-align-items-flex-start fusion-flex-content-wrap\" style=\"max-width:104%;margin-left: calc(-4% \/ 2 );margin-right: calc(-4% \/ 2 );\"><div class=\"fusion-layout-column fusion_builder_column fusion-builder-column-1 fusion_builder_column_1_1 1_1 fusion-flex-column\" style=\"--awb-bg-size:cover;--awb-width-large:100%;--awb-margin-top-large:0px;--awb-spacing-right-large:1.92%;--awb-margin-bottom-large:20px;--awb-spacing-left-large:1.92%;--awb-width-medium:100%;--awb-order-medium:0;--awb-spacing-right-medium:1.92%;--awb-spacing-left-medium:1.92%;--awb-width-small:100%;--awb-order-small:0;--awb-spacing-right-small:1.92%;--awb-spacing-left-small:1.92%;\"><div class=\"fusion-column-wrapper fusion-column-has-shadow fusion-flex-justify-content-flex-start fusion-content-layout-column\"><div class=\"fusion-separator fusion-no-medium-visibility fusion-no-large-visibility fusion-full-width-sep\" style=\"align-self: center;margin-left: auto;margin-right: auto;margin-top:3%;margin-bottom:3%;width:100%;\"><\/div><div class=\"fusion-text fusion-text-2\"><h3 style=\"text-align: center;\">Erfolg kann man nicht kaufen. Aber leasen.<\/h3>\n<\/div><\/div><\/div><div class=\"fusion-layout-column fusion_builder_column fusion-builder-column-2 fusion_builder_column_1_2 1_2 fusion-flex-column\" style=\"--awb-bg-size:cover;--awb-width-large:50%;--awb-margin-top-large:0px;--awb-spacing-right-large:3.84%;--awb-margin-bottom-large:20px;--awb-spacing-left-large:3.84%;--awb-width-medium:50%;--awb-order-medium:0;--awb-spacing-right-medium:3.84%;--awb-spacing-left-medium:3.84%;--awb-width-small:100%;--awb-order-small:0;--awb-spacing-right-small:1.92%;--awb-spacing-left-small:1.92%;\"><div class=\"fusion-column-wrapper fusion-column-has-shadow fusion-flex-justify-content-flex-start fusion-content-layout-column\"><div class=\"fusion-text fusion-text-3\"><p>Egal ob Sie expandieren oder wettbewerbsf\u00e4hig bleiben wollen, mit den Leasing-L\u00f6sungen von PEAC Solutions nutzen Sie stets die neuesten Ausstattungen und modernsten Technologien f\u00fcr Ihren Unternehmenserfolg.<\/p>\n<p>Von Maschinenbau \u00fcber den Gabelstapler bis zur B\u00fcroausstattung \u2013 sowohl Neu- als auch Gebrauchtmaschinen.<\/p>\n<\/div><\/div><\/div><div class=\"fusion-layout-column fusion_builder_column fusion-builder-column-3 fusion_builder_column_1_2 1_2 fusion-flex-column\" style=\"--awb-bg-size:cover;--awb-width-large:50%;--awb-margin-top-large:0px;--awb-spacing-right-large:3.84%;--awb-margin-bottom-large:20px;--awb-spacing-left-large:3.84%;--awb-width-medium:50%;--awb-order-medium:0;--awb-spacing-right-medium:3.84%;--awb-spacing-left-medium:3.84%;--awb-width-small:100%;--awb-order-small:0;--awb-spacing-right-small:1.92%;--awb-spacing-left-small:1.92%;\"><div class=\"fusion-column-wrapper fusion-column-has-shadow fusion-flex-justify-content-flex-start fusion-content-layout-column\"><div class=\"fusion-text fusion-text-4\"><p>Wir kennen die Objekte, die Branchen und ihre Zyklen. Mit diesem fundierten Wissen entwickeln wir integrierte L\u00f6sungen aus Finanzierung, Versicherung und Service \u2014 individuell abgestimmt auf Ihr Gesch\u00e4ft und Ihren Markt.<\/p>\n<\/div><\/div><\/div><\/div><\/div><div class=\"fusion-fullwidth fullwidth-box fusion-builder-row-3 fusion-flex-container has-pattern-background has-mask-background nonhundred-percent-fullwidth non-hundred-percent-height-scrolling contmob\" style=\"--awb-border-radius-top-left:0px;--awb-border-radius-top-right:0px;--awb-border-radius-bottom-right:0px;--awb-border-radius-bottom-left:0px;--awb-margin-top:5%;--awb-flex-wrap:wrap;\" ><div class=\"fusion-builder-row fusion-row fusion-flex-align-items-flex-start fusion-flex-content-wrap\" style=\"max-width:104%;margin-left: calc(-4% \/ 2 );margin-right: calc(-4% \/ 2 );\"><div class=\"fusion-layout-column fusion_builder_column fusion-builder-column-4 fusion_builder_column_1_1 1_1 fusion-flex-column\" style=\"--awb-bg-size:cover;--awb-box-shadow: 0px 0px ;;--awb-width-large:100%;--awb-margin-top-large:0px;--awb-spacing-right-large:1.92%;--awb-margin-bottom-large:20px;--awb-spacing-left-large:1.92%;--awb-width-medium:100%;--awb-order-medium:0;--awb-spacing-right-medium:1.92%;--awb-spacing-left-medium:1.92%;--awb-width-small:100%;--awb-order-small:0;--awb-spacing-right-small:1.92%;--awb-spacing-left-small:1.92%;\"><div class=\"fusion-column-wrapper fusion-column-has-shadow fusion-flex-justify-content-flex-start fusion-content-layout-column\"><div class=\"fusion-separator fusion-no-medium-visibility fusion-no-large-visibility fusion-full-width-sep\" style=\"align-self: center;margin-left: auto;margin-right: auto;margin-top:3%;margin-bottom:3%;width:100%;\"><\/div><div class=\"fusion-text fusion-text-5\"><h3 style=\"line-height: 1.5em; text-align: left;\">Unser Angebot: Finanzierung, bei der einfach alles stimmt.<\/h3>\n<\/div><\/div><\/div><\/div><\/div><div class=\"fusion-fullwidth fullwidth-box fusion-builder-row-4 fusion-flex-container has-pattern-background has-mask-background nonhundred-percent-fullwidth non-hundred-percent-height-scrolling contmob\" style=\"--awb-border-radius-top-left:0px;--awb-border-radius-top-right:0px;--awb-border-radius-bottom-right:0px;--awb-border-radius-bottom-left:0px;--awb-flex-wrap:wrap;\" ><div class=\"fusion-builder-row fusion-row fusion-flex-align-items-stretch fusion-flex-content-wrap\" style=\"max-width:104%;margin-left: calc(-4% \/ 2 );margin-right: calc(-4% \/ 2 );\"><div class=\"fusion-layout-column fusion_builder_column fusion-builder-column-5 fusion_builder_column_1_3 1_3 fusion-flex-column fusion-flex-align-self-flex-start\" style=\"--awb-padding-top:6%;--awb-padding-right:2%;--awb-padding-bottom:6%;--awb-padding-left:2%;--awb-bg-color:rgba(117,120,123,0.1);--awb-bg-color-hover:rgba(117,120,123,0.1);--awb-bg-size:cover;--awb-width-large:33.333333333333%;--awb-margin-top-large:0px;--awb-spacing-right-large:5.76%;--awb-margin-bottom-large:20px;--awb-spacing-left-large:5.76%;--awb-width-medium:33.333333333333%;--awb-order-medium:0;--awb-spacing-right-medium:5.76%;--awb-spacing-left-medium:5.76%;--awb-width-small:100%;--awb-order-small:0;--awb-spacing-right-small:1.92%;--awb-spacing-left-small:1.92%;\"><div class=\"fusion-column-wrapper fusion-column-has-shadow fusion-flex-justify-content-flex-start fusion-content-layout-column\"><div class=\"fusion-image-element \" style=\"text-align:center;--awb-caption-title-font-family:var(--h2_typography-font-family);--awb-caption-title-font-weight:var(--h2_typography-font-weight);--awb-caption-title-font-style:var(--h2_typography-font-style);--awb-caption-title-size:var(--h2_typography-font-size);--awb-caption-title-transform:var(--h2_typography-text-transform);--awb-caption-title-line-height:var(--h2_typography-line-height);--awb-caption-title-letter-spacing:var(--h2_typography-letter-spacing);\"><span class=\" fusion-imageframe imageframe-none imageframe-1 hover-type-none\"><img decoding=\"async\" width=\"150\" height=\"150\" alt=\"PEAC Solutions Icon Leasing\" title=\"PEAC Solutions &#8211; Leasing\" src=\"https:\/\/peacsolutions.eu\/wp-content\/uploads\/2023\/01\/leasing-ic-150x150.png\" class=\"img-responsive wp-image-2238 disable-lazyload\" srcset=\"https:\/\/peacsolutions.eu\/wp-content\/uploads\/2023\/01\/leasing-ic-200x200.png 200w, https:\/\/peacsolutions.eu\/wp-content\/uploads\/2023\/01\/leasing-ic.png 300w\" sizes=\"(max-width: 750px) 100vw, 150px\" \/><\/span><\/div><div class=\"fusion-text fusion-text-6\"><h5 style=\"text-align: center;\">Leasing<\/h5>\n<\/div><div class=\"fusion-text fusion-text-7\"><ul>\n<li><span style=\"color: #2d2926;\">Vollamortisationsvertrag<\/span><\/li>\n<li><span style=\"color: #2d2926;\">Teilamortisationsvertrag<\/span><\/li>\n<li><span style=\"color: #2d2926;\">K\u00fcndbarer Vertrag<\/span><\/li>\n<li><span style=\"color: #2d2926;\">Kaufoptionen<\/span><\/li>\n<li><span style=\"color: #2d2926;\">Vertr\u00e4ge mit fester Kaufoption<\/span><\/li>\n<li><span style=\"color: #2d2926;\">Operate Lease<\/span><\/li>\n<\/ul>\n<\/div><\/div><\/div><div class=\"fusion-layout-column fusion_builder_column fusion-builder-column-6 fusion_builder_column_1_3 1_3 fusion-flex-column\" style=\"--awb-padding-top:6%;--awb-padding-right:2%;--awb-padding-bottom:6%;--awb-padding-left:2%;--awb-bg-color:rgba(117,120,123,0.1);--awb-bg-color-hover:rgba(117,120,123,0.1);--awb-bg-size:cover;--awb-width-large:33.333333333333%;--awb-margin-top-large:0px;--awb-spacing-right-large:5.76%;--awb-margin-bottom-large:20px;--awb-spacing-left-large:5.76%;--awb-width-medium:33.333333333333%;--awb-order-medium:0;--awb-spacing-right-medium:5.76%;--awb-spacing-left-medium:5.76%;--awb-width-small:100%;--awb-order-small:0;--awb-spacing-right-small:1.92%;--awb-spacing-left-small:1.92%;\"><div class=\"fusion-column-wrapper fusion-column-has-shadow fusion-flex-justify-content-flex-start fusion-content-layout-column\"><div class=\"fusion-image-element \" style=\"text-align:center;--awb-caption-title-font-family:var(--h2_typography-font-family);--awb-caption-title-font-weight:var(--h2_typography-font-weight);--awb-caption-title-font-style:var(--h2_typography-font-style);--awb-caption-title-size:var(--h2_typography-font-size);--awb-caption-title-transform:var(--h2_typography-text-transform);--awb-caption-title-line-height:var(--h2_typography-line-height);--awb-caption-title-letter-spacing:var(--h2_typography-letter-spacing);\"><span class=\" fusion-imageframe imageframe-none imageframe-2 hover-type-none\"><img decoding=\"async\" width=\"150\" height=\"150\" alt=\"&quot;&quot;\" src=\"https:\/\/peacsolutions.eu\/wp-content\/uploads\/2023\/01\/leasing_Lease-purchase-150x150.png\" class=\"img-responsive wp-image-753 disable-lazyload\" srcset=\"https:\/\/peacsolutions.eu\/wp-content\/uploads\/2023\/01\/leasing_Lease-purchase-66x66.png 66w, https:\/\/peacsolutions.eu\/wp-content\/uploads\/2023\/01\/leasing_Lease-purchase-150x150.png 150w, https:\/\/peacsolutions.eu\/wp-content\/uploads\/2023\/01\/leasing_Lease-purchase.png 200w\" sizes=\"(max-width: 150px) 100vw, 150px\" \/><\/span><\/div><div class=\"fusion-text fusion-text-8\"><h5 style=\"text-align: center;\">Mietkauf<\/h5>\n<\/div><div class=\"fusion-text fusion-text-9\"><ul>\n<li><span style=\"color: #2d2926;\">Ohne Kredit zum Eigentum<\/span><\/li>\n<li><span style=\"color: #2d2926;\">Fest kalkulierbare Raten mit oder ohne Schlussrate am Ende der Laufzeit<\/span><\/li>\n<li><span style=\"color: #2d2926;\">Vertragslaufzeit bis 100 % der betriebs\u00fcblichen Nutzungsdauer<\/span><\/li>\n<li><span style=\"color: #2d2926;\">Kombinierbar mit \u00f6ffentlichen F\u00f6rderma\u00dfnahmen<\/span><\/li>\n<\/ul>\n<\/div><\/div><\/div><div class=\"fusion-layout-column fusion_builder_column fusion-builder-column-7 fusion_builder_column_1_3 1_3 fusion-flex-column\" style=\"--awb-padding-top:6%;--awb-padding-right:2%;--awb-padding-bottom:6%;--awb-padding-left:2%;--awb-bg-color:rgba(117,120,123,0.1);--awb-bg-color-hover:rgba(117,120,123,0.1);--awb-bg-size:cover;--awb-width-large:33.333333333333%;--awb-margin-top-large:0px;--awb-spacing-right-large:5.76%;--awb-margin-bottom-large:20px;--awb-spacing-left-large:5.76%;--awb-width-medium:33.333333333333%;--awb-order-medium:0;--awb-spacing-right-medium:5.76%;--awb-spacing-left-medium:5.76%;--awb-width-small:100%;--awb-order-small:0;--awb-spacing-right-small:1.92%;--awb-spacing-left-small:1.92%;\"><div class=\"fusion-column-wrapper fusion-column-has-shadow fusion-flex-justify-content-flex-start fusion-content-layout-column\"><div class=\"fusion-image-element \" style=\"text-align:center;--awb-caption-title-font-family:var(--h2_typography-font-family);--awb-caption-title-font-weight:var(--h2_typography-font-weight);--awb-caption-title-font-style:var(--h2_typography-font-style);--awb-caption-title-size:var(--h2_typography-font-size);--awb-caption-title-transform:var(--h2_typography-text-transform);--awb-caption-title-line-height:var(--h2_typography-line-height);--awb-caption-title-letter-spacing:var(--h2_typography-letter-spacing);\"><span class=\" fusion-imageframe imageframe-none imageframe-3 hover-type-none\"><img decoding=\"async\" width=\"150\" height=\"150\" alt=\"&quot;&quot;\" src=\"https:\/\/peacsolutions.eu\/wp-content\/uploads\/2023\/01\/leasing_sale-and-lease-back-150x150.png\" class=\"img-responsive wp-image-755 disable-lazyload\" srcset=\"https:\/\/peacsolutions.eu\/wp-content\/uploads\/2023\/01\/leasing_sale-and-lease-back-66x66.png 66w, https:\/\/peacsolutions.eu\/wp-content\/uploads\/2023\/01\/leasing_sale-and-lease-back-150x150.png 150w, https:\/\/peacsolutions.eu\/wp-content\/uploads\/2023\/01\/leasing_sale-and-lease-back.png 200w\" sizes=\"(max-width: 150px) 100vw, 150px\" \/><\/span><\/div><div class=\"fusion-text fusion-text-10\"><h5 style=\"text-align: center;\">Sale and Lease Back<\/h5>\n<\/div><div class=\"fusion-text fusion-text-11\"><ul>\n<li><span style=\"color: #2d2926;\">Hebung stiller Reserven<\/span><\/li>\n<li><span style=\"color: #2d2926;\">Schaffung freier Liquidit\u00e4t<\/span><\/li>\n<li><span style=\"color: #2d2926;\">Verbesserung der Bilanz und der Eigenkapitalquote<\/span><\/li>\n<li><span style=\"color: #2d2926;\">Verbesserung der Bilanz und der Eigenkapitalquote<\/span><\/li>\n<\/ul>\n<\/div><\/div><\/div><\/div><\/div><\/p>\n","protected":false},"excerpt":{"rendered":"","protected":false},"author":2,"featured_media":0,"parent":0,"menu_order":0,"comment_status":"closed","ping_status":"closed","template":"100-width.php","meta":{"_acf_changed":false,"footnotes":""},"class_list":["post-763","page","type-page","status-publish","hentry"],"acf":[],"yoast_head":"<!-- This site is optimized with the Yoast SEO plugin v27.4 - https:\/\/yoast.com\/product\/yoast-seo-wordpress\/ -->\n<title>Leasing - Unser Angebot - PEAC Solutions<\/title>\n<meta name=\"robots\" content=\"index, follow, max-snippet:-1, max-image-preview:large, max-video-preview:-1\" \/>\n<link rel=\"canonical\" href=\"https:\/\/peacsolutions.eu\/de\/leasing-unser-angebot\/\" \/>\n<meta property=\"og:locale\" content=\"de_DE\" \/>\n<meta property=\"og:type\" content=\"article\" \/>\n<meta property=\"og:title\" content=\"Leasing - Unser Angebot - PEAC Solutions\" \/>\n<meta property=\"og:url\" content=\"https:\/\/peacsolutions.eu\/de\/leasing-unser-angebot\/\" \/>\n<meta property=\"og:site_name\" content=\"PEAC Solutions\" \/>\n<meta property=\"article:modified_time\" content=\"2025-11-25T10:04:16+00:00\" \/>\n<meta name=\"twitter:card\" content=\"summary_large_image\" \/>\n<meta name=\"twitter:label1\" content=\"Gesch\u00e4tzte Lesezeit\" \/>\n\t<meta name=\"twitter:data1\" content=\"2\u00a0Minuten\" \/>\n<script type=\"application\/ld+json\" class=\"yoast-schema-graph\">{\"@context\":\"https:\\\/\\\/schema.org\",\"@graph\":[{\"@type\":\"WebPage\",\"@id\":\"https:\\\/\\\/peacsolutions.eu\\\/de\\\/leasing-unser-angebot\\\/\",\"url\":\"https:\\\/\\\/peacsolutions.eu\\\/de\\\/leasing-unser-angebot\\\/\",\"name\":\"Leasing - Unser Angebot - PEAC Solutions\",\"isPartOf\":{\"@id\":\"https:\\\/\\\/peacsolutions.eu\\\/de\\\/#website\"},\"datePublished\":\"2023-01-22T12:03:43+00:00\",\"dateModified\":\"2025-11-25T10:04:16+00:00\",\"breadcrumb\":{\"@id\":\"https:\\\/\\\/peacsolutions.eu\\\/de\\\/leasing-unser-angebot\\\/#breadcrumb\"},\"inLanguage\":\"de\",\"potentialAction\":[{\"@type\":\"ReadAction\",\"target\":[\"https:\\\/\\\/peacsolutions.eu\\\/de\\\/leasing-unser-angebot\\\/\"]}]},{\"@type\":\"BreadcrumbList\",\"@id\":\"https:\\\/\\\/peacsolutions.eu\\\/de\\\/leasing-unser-angebot\\\/#breadcrumb\",\"itemListElement\":[{\"@type\":\"ListItem\",\"position\":1,\"name\":\"Startseite\",\"item\":\"https:\\\/\\\/peacsolutions.eu\\\/de\\\/\"},{\"@type\":\"ListItem\",\"position\":2,\"name\":\"Leasing &#8211; Unser Angebot\"}]},{\"@type\":\"WebSite\",\"@id\":\"https:\\\/\\\/peacsolutions.eu\\\/de\\\/#website\",\"url\":\"https:\\\/\\\/peacsolutions.eu\\\/de\\\/\",\"name\":\"PEAC Solutions\",\"description\":\"PEAC Solutions\",\"publisher\":{\"@id\":\"https:\\\/\\\/peacsolutions.eu\\\/de\\\/#organization\"},\"potentialAction\":[{\"@type\":\"SearchAction\",\"target\":{\"@type\":\"EntryPoint\",\"urlTemplate\":\"https:\\\/\\\/peacsolutions.eu\\\/de\\\/?s={search_term_string}\"},\"query-input\":{\"@type\":\"PropertyValueSpecification\",\"valueRequired\":true,\"valueName\":\"search_term_string\"}}],\"inLanguage\":\"de\"},{\"@type\":\"Organization\",\"@id\":\"https:\\\/\\\/peacsolutions.eu\\\/de\\\/#organization\",\"name\":\"PEAC Solutions\",\"url\":\"https:\\\/\\\/peacsolutions.eu\\\/de\\\/\",\"logo\":{\"@type\":\"ImageObject\",\"inLanguage\":\"de\",\"@id\":\"https:\\\/\\\/peacsolutions.eu\\\/de\\\/#\\\/schema\\\/logo\\\/image\\\/\",\"url\":\"https:\\\/\\\/peacsolutions.eu\\\/wp-content\\\/uploads\\\/2023\\\/04\\\/peac-solutions_logo_mo.png\",\"contentUrl\":\"https:\\\/\\\/peacsolutions.eu\\\/wp-content\\\/uploads\\\/2023\\\/04\\\/peac-solutions_logo_mo.png\",\"width\":201,\"height\":57,\"caption\":\"PEAC Solutions\"},\"image\":{\"@id\":\"https:\\\/\\\/peacsolutions.eu\\\/de\\\/#\\\/schema\\\/logo\\\/image\\\/\"},\"sameAs\":[\"https:\\\/\\\/www.linkedin.com\\\/company\\\/peacsolutions\\\/\"]}]}<\/script>\n<!-- \/ Yoast SEO plugin. -->","yoast_head_json":{"title":"Leasing - Unser Angebot - PEAC Solutions","robots":{"index":"index","follow":"follow","max-snippet":"max-snippet:-1","max-image-preview":"max-image-preview:large","max-video-preview":"max-video-preview:-1"},"canonical":"https:\/\/peacsolutions.eu\/de\/leasing-unser-angebot\/","og_locale":"de_DE","og_type":"article","og_title":"Leasing - Unser Angebot - PEAC Solutions","og_url":"https:\/\/peacsolutions.eu\/de\/leasing-unser-angebot\/","og_site_name":"PEAC Solutions","article_modified_time":"2025-11-25T10:04:16+00:00","twitter_card":"summary_large_image","twitter_misc":{"Gesch\u00e4tzte Lesezeit":"2\u00a0Minuten"},"schema":{"@context":"https:\/\/schema.org","@graph":[{"@type":"WebPage","@id":"https:\/\/peacsolutions.eu\/de\/leasing-unser-angebot\/","url":"https:\/\/peacsolutions.eu\/de\/leasing-unser-angebot\/","name":"Leasing - Unser Angebot - PEAC Solutions","isPartOf":{"@id":"https:\/\/peacsolutions.eu\/de\/#website"},"datePublished":"2023-01-22T12:03:43+00:00","dateModified":"2025-11-25T10:04:16+00:00","breadcrumb":{"@id":"https:\/\/peacsolutions.eu\/de\/leasing-unser-angebot\/#breadcrumb"},"inLanguage":"de","potentialAction":[{"@type":"ReadAction","target":["https:\/\/peacsolutions.eu\/de\/leasing-unser-angebot\/"]}]},{"@type":"BreadcrumbList","@id":"https:\/\/peacsolutions.eu\/de\/leasing-unser-angebot\/#breadcrumb","itemListElement":[{"@type":"ListItem","position":1,"name":"Startseite","item":"https:\/\/peacsolutions.eu\/de\/"},{"@type":"ListItem","position":2,"name":"Leasing &#8211; Unser Angebot"}]},{"@type":"WebSite","@id":"https:\/\/peacsolutions.eu\/de\/#website","url":"https:\/\/peacsolutions.eu\/de\/","name":"PEAC Solutions","description":"PEAC Solutions","publisher":{"@id":"https:\/\/peacsolutions.eu\/de\/#organization"},"potentialAction":[{"@type":"SearchAction","target":{"@type":"EntryPoint","urlTemplate":"https:\/\/peacsolutions.eu\/de\/?s={search_term_string}"},"query-input":{"@type":"PropertyValueSpecification","valueRequired":true,"valueName":"search_term_string"}}],"inLanguage":"de"},{"@type":"Organization","@id":"https:\/\/peacsolutions.eu\/de\/#organization","name":"PEAC Solutions","url":"https:\/\/peacsolutions.eu\/de\/","logo":{"@type":"ImageObject","inLanguage":"de","@id":"https:\/\/peacsolutions.eu\/de\/#\/schema\/logo\/image\/","url":"https:\/\/peacsolutions.eu\/wp-content\/uploads\/2023\/04\/peac-solutions_logo_mo.png","contentUrl":"https:\/\/peacsolutions.eu\/wp-content\/uploads\/2023\/04\/peac-solutions_logo_mo.png","width":201,"height":57,"caption":"PEAC Solutions"},"image":{"@id":"https:\/\/peacsolutions.eu\/de\/#\/schema\/logo\/image\/"},"sameAs":["https:\/\/www.linkedin.com\/company\/peacsolutions\/"]}]}},"_links":{"self":[{"href":"https:\/\/peacsolutions.eu\/de\/wp-json\/wp\/v2\/pages\/763","targetHints":{"allow":["GET"]}}],"collection":[{"href":"https:\/\/peacsolutions.eu\/de\/wp-json\/wp\/v2\/pages"}],"about":[{"href":"https:\/\/peacsolutions.eu\/de\/wp-json\/wp\/v2\/types\/page"}],"author":[{"embeddable":true,"href":"https:\/\/peacsolutions.eu\/de\/wp-json\/wp\/v2\/users\/2"}],"replies":[{"embeddable":true,"href":"https:\/\/peacsolutions.eu\/de\/wp-json\/wp\/v2\/comments?post=763"}],"version-history":[{"count":102,"href":"https:\/\/peacsolutions.eu\/de\/wp-json\/wp\/v2\/pages\/763\/revisions"}],"predecessor-version":[{"id":10179,"href":"https:\/\/peacsolutions.eu\/de\/wp-json\/wp\/v2\/pages\/763\/revisions\/10179"}],"wp:attachment":[{"href":"https:\/\/peacsolutions.eu\/de\/wp-json\/wp\/v2\/media?parent=763"}],"curies":[{"name":"wp","href":"https:\/\/api.w.org\/{rel}","templated":true}]}}